{"id":12,"date":"2024-02-26T16:56:24","date_gmt":"2024-02-26T16:56:24","guid":{"rendered":"https:\/\/villarthv.rkinformatika.online\/?page_id=12"},"modified":"2024-03-01T08:17:52","modified_gmt":"2024-03-01T08:17:52","slug":"servicios","status":"publish","type":"page","link":"https:\/\/villarthv.com\/eus\/servicios\/","title":{"rendered":"Zerbitzuak"},"content":{"rendered":"<div data-elementor-type=\"wp-page\" data-elementor-id=\"12\" class=\"elementor elementor-12\" data-elementor-post-type=\"page\">\n\t\t\t\t\t\t<section class=\"elementor-section elementor-top-section elementor-element elementor-element-43ce434 elementor-section-boxed elementor-section-height-default elementor-section-height-default\" data-id=\"43ce434\" data-element_type=\"section\" data-e-type=\"section\" data-settings=\"{&quot;background_background&quot;:&quot;classic&quot;}\">\n\t\t\t\t\t\t\t<div class=\"elementor-background-overlay\"><\/div>\n\t\t\t\t\t\t\t<div class=\"elementor-container elementor-column-gap-default\">\n\t\t\t\t\t<div class=\"elementor-column elementor-col-100 elementor-top-column elementor-element elementor-element-5cca737e\" data-id=\"5cca737e\" data-element_type=\"column\" data-e-type=\"column\">\n\t\t\t<div class=\"elementor-widget-wrap elementor-element-populated\">\n\t\t\t\t\t\t<div class=\"elementor-element elementor-element-f58e3f2 elementor-widget-mobile__width-initial elementor-invisible elementor-widget elementor-widget-heading\" data-id=\"f58e3f2\" data-element_type=\"widget\" data-e-type=\"widget\" data-settings=\"{&quot;_animation&quot;:&quot;fadeInUp&quot;,&quot;_animation_delay&quot;:150}\" data-widget_type=\"heading.default\">\n\t\t\t\t<div class=\"elementor-widget-container\">\n\t\t\t\t\t<h2 class=\"elementor-heading-title elementor-size-default\">Zerbitzuak<\/h2>\t\t\t\t<\/div>\n\t\t\t\t<\/div>\n\t\t\t\t\t<\/div>\n\t\t<\/div>\n\t\t\t\t\t<\/div>\n\t\t<\/section>\n\t\t<div class=\"elementor-element elementor-element-376a66f e-flex e-con-boxed e-con e-parent\" data-id=\"376a66f\" data-element_type=\"container\" data-e-type=\"container\">\n\t\t\t\t\t<div class=\"e-con-inner\">\n\t\t<div class=\"elementor-element elementor-element-4a74add e-con-full e-flex elementor-invisible e-con e-child\" data-id=\"4a74add\" data-element_type=\"container\" data-e-type=\"container\" data-settings=\"{&quot;background_background&quot;:&quot;classic&quot;,&quot;animation&quot;:&quot;slideInLeft&quot;}\">\n\t\t\t\t<div class=\"elementor-element elementor-element-8bcb63e elementor-widget elementor-widget-spacer\" data-id=\"8bcb63e\" data-element_type=\"widget\" data-e-type=\"widget\" data-widget_type=\"spacer.default\">\n\t\t\t\t<div class=\"elementor-widget-container\">\n\t\t\t\t\t\t\t<div class=\"elementor-spacer\">\n\t\t\t<div class=\"elementor-spacer-inner\"><\/div>\n\t\t<\/div>\n\t\t\t\t\t\t<\/div>\n\t\t\t\t<\/div>\n\t\t\t\t<\/div>\n\t\t<div class=\"elementor-element elementor-element-15fd19a e-con-full e-flex e-con e-child\" data-id=\"15fd19a\" data-element_type=\"container\" data-e-type=\"container\" data-settings=\"{&quot;background_background&quot;:&quot;classic&quot;}\">\n\t\t\t\t<div class=\"elementor-element elementor-element-5a97a18 elementor-invisible elementor-widget elementor-widget-heading\" data-id=\"5a97a18\" data-element_type=\"widget\" data-e-type=\"widget\" data-settings=\"{&quot;_animation&quot;:&quot;fadeInUp&quot;,&quot;_animation_delay&quot;:300}\" data-widget_type=\"heading.default\">\n\t\t\t\t<div class=\"elementor-widget-container\">\n\t\t\t\t\t<h3 class=\"elementor-heading-title elementor-size-default\">Transporte Nacional<\/h3>\t\t\t\t<\/div>\n\t\t\t\t<\/div>\n\t\t\t\t<div class=\"elementor-element elementor-element-0925e88 elementor-widget elementor-widget-text-editor\" data-id=\"0925e88\" data-element_type=\"widget\" data-e-type=\"widget\" data-widget_type=\"text-editor.default\">\n\t\t\t\t<div class=\"elementor-widget-container\">\n\t\t\t\t\t\t\t\t\t<p>Contamos con una amplia trayectoria en el transporte de mercanc\u00edas por toda Espa\u00f1a, siempre tratando cada env\u00edo con el m\u00e1ximo cuidado y profesionalidad.<\/p>\n<p>Ofrecemos a nuestros clientes la posibilidad de almacenar todo tipo de mercanc\u00edas en nuestros dos pabellones en Bizkaia, garantizando su seguridad y conservaci\u00f3n.<\/p>\n<p>Gracias a nuestra extensa flota de camiones y nuestros experimentados conductores, somos capaces de cumplir con los plazos establecidos y llegar a cualquier punto del pa\u00eds.<\/p>\n<p>La confianza depositada en nosotros por nuestros clientes a lo largo de estos a\u00f1os es nuestro mayor aval y nos impulsa a seguir mejorando d\u00eda a d\u00eda.<\/p>\t\t\t\t\t\t\t\t<\/div>\n\t\t\t\t<\/div>\n\t\t\t\t<\/div>\n\t\t\t\t\t<\/div>\n\t\t\t\t<\/div>\n\t\t<div class=\"elementor-element elementor-element-b8abc87 e-flex e-con-boxed e-con e-parent\" data-id=\"b8abc87\" data-element_type=\"container\" data-e-type=\"container\">\n\t\t\t\t\t<div class=\"e-con-inner\">\n\t\t<div class=\"elementor-element elementor-element-d26d6f5 e-con-full e-flex e-con e-child\" data-id=\"d26d6f5\" data-element_type=\"container\" data-e-type=\"container\" data-settings=\"{&quot;background_background&quot;:&quot;classic&quot;}\">\n\t\t\t\t<div class=\"elementor-element elementor-element-ad728fc elementor-invisible elementor-widget elementor-widget-heading\" data-id=\"ad728fc\" data-element_type=\"widget\" data-e-type=\"widget\" data-settings=\"{&quot;_animation&quot;:&quot;fadeInUp&quot;,&quot;_animation_delay&quot;:300}\" data-widget_type=\"heading.default\">\n\t\t\t\t<div class=\"elementor-widget-container\">\n\t\t\t\t\t<h3 class=\"elementor-heading-title elementor-size-default\">Almacenaje<\/h3>\t\t\t\t<\/div>\n\t\t\t\t<\/div>\n\t\t\t\t<div class=\"elementor-element elementor-element-d81c3b4 elementor-widget elementor-widget-text-editor\" data-id=\"d81c3b4\" data-element_type=\"widget\" data-e-type=\"widget\" data-widget_type=\"text-editor.default\">\n\t\t\t\t<div class=\"elementor-widget-container\">\n\t\t\t\t\t\t\t\t\t<p>Contamos con dos pabellones de 500m2 cada uno para el almacenamiento de mercanc\u00edas de cualquier tipo, situados en Durango y Ermua (Vizcaya). Son \u00e1reas profesionales para su tranquilidad.<\/p>\t\t\t\t\t\t\t\t<\/div>\n\t\t\t\t<\/div>\n\t\t\t\t<\/div>\n\t\t<div class=\"elementor-element elementor-element-e49eacf e-con-full e-flex elementor-invisible e-con e-child\" data-id=\"e49eacf\" data-element_type=\"container\" data-e-type=\"container\" data-settings=\"{&quot;background_background&quot;:&quot;classic&quot;,&quot;animation&quot;:&quot;slideInLeft&quot;}\">\n\t\t\t\t<div class=\"elementor-element elementor-element-9aabff8 elementor-widget elementor-widget-spacer\" data-id=\"9aabff8\" data-element_type=\"widget\" data-e-type=\"widget\" data-widget_type=\"spacer.default\">\n\t\t\t\t<div class=\"elementor-widget-container\">\n\t\t\t\t\t\t\t<div class=\"elementor-spacer\">\n\t\t\t<div class=\"elementor-spacer-inner\"><\/div>\n\t\t<\/div>\n\t\t\t\t\t\t<\/div>\n\t\t\t\t<\/div>\n\t\t\t\t<\/div>\n\t\t\t\t\t<\/div>\n\t\t\t\t<\/div>\n\t\t\t\t<\/div>","protected":false},"excerpt":{"rendered":"<p>Servicios Transporte Nacional Contamos con una amplia trayectoria en el transporte de mercanc\u00edas por toda Espa\u00f1a, siempre tratando cada env\u00edo con el m\u00e1ximo cuidado y profesionalidad. Ofrecemos a nuestros clientes la posibilidad de almacenar todo tipo de mercanc\u00edas en nuestros dos pabellones en Bizkaia, garantizando su seguridad y conservaci\u00f3n. Gracias a nuestra extensa flota de [&hellip;]<\/p>\n","protected":false},"author":1,"featured_media":0,"parent":0,"menu_order":0,"comment_status":"closed","ping_status":"closed","template":"elementor_canvas","meta":{"footnotes":""},"class_list":["post-12","page","type-page","status-publish","hentry"],"yoast_head":"<!-- This site is optimized with the Yoast SEO plugin v27.3 - https:\/\/yoast.com\/product\/yoast-seo-wordpress\/ -->\n<title>Servicios - Transportes Hijos de Francisco Villar Macias S.L<\/title>\n<meta name=\"robots\" content=\"index, follow, max-snippet:-1, max-image-preview:large, max-video-preview:-1\" \/>\n<link rel=\"canonical\" href=\"https:\/\/villarthv.com\/eus\/servicios\/\" \/>\n<meta property=\"og:locale\" content=\"en_US\" \/>\n<meta property=\"og:type\" content=\"article\" \/>\n<meta property=\"og:title\" content=\"Servicios - Transportes Hijos de Francisco Villar Macias S.L\" \/>\n<meta property=\"og:description\" content=\"Servicios Transporte Nacional Contamos con una amplia trayectoria en el transporte de mercanc\u00edas por toda Espa\u00f1a, siempre tratando cada env\u00edo con el m\u00e1ximo cuidado y profesionalidad. Ofrecemos a nuestros clientes la posibilidad de almacenar todo tipo de mercanc\u00edas en nuestros dos pabellones en Bizkaia, garantizando su seguridad y conservaci\u00f3n. Gracias a nuestra extensa flota de [&hellip;]\" \/>\n<meta property=\"og:url\" content=\"https:\/\/villarthv.com\/eus\/servicios\/\" \/>\n<meta property=\"og:site_name\" content=\"Transportes Hijos de Francisco Villar Macias S.L\" \/>\n<meta property=\"article:modified_time\" content=\"2024-03-01T08:17:52+00:00\" \/>\n<meta name=\"twitter:card\" content=\"summary_large_image\" \/>\n<meta name=\"twitter:label1\" content=\"Est. reading time\" \/>\n\t<meta name=\"twitter:data1\" content=\"1 minutua\" \/>\n<script type=\"application\/ld+json\" class=\"yoast-schema-graph\">{\"@context\":\"https:\\\/\\\/schema.org\",\"@graph\":[{\"@type\":\"WebPage\",\"@id\":\"https:\\\/\\\/villarthv.com\\\/servicios\\\/\",\"url\":\"https:\\\/\\\/villarthv.com\\\/servicios\\\/\",\"name\":\"Servicios - Transportes Hijos de Francisco Villar Macias S.L\",\"isPartOf\":{\"@id\":\"https:\\\/\\\/villarthv.com\\\/#website\"},\"datePublished\":\"2024-02-26T16:56:24+00:00\",\"dateModified\":\"2024-03-01T08:17:52+00:00\",\"breadcrumb\":{\"@id\":\"https:\\\/\\\/villarthv.com\\\/servicios\\\/#breadcrumb\"},\"inLanguage\":\"eu\",\"potentialAction\":[{\"@type\":\"ReadAction\",\"target\":[\"https:\\\/\\\/villarthv.com\\\/servicios\\\/\"]}]},{\"@type\":\"BreadcrumbList\",\"@id\":\"https:\\\/\\\/villarthv.com\\\/servicios\\\/#breadcrumb\",\"itemListElement\":[{\"@type\":\"ListItem\",\"position\":1,\"name\":\"Portada\",\"item\":\"https:\\\/\\\/villarthv.com\\\/\"},{\"@type\":\"ListItem\",\"position\":2,\"name\":\"Servicios\"}]},{\"@type\":\"WebSite\",\"@id\":\"https:\\\/\\\/villarthv.com\\\/#website\",\"url\":\"https:\\\/\\\/villarthv.com\\\/\",\"name\":\"Transportes Hijos de Francisco Villar Macias S.L\",\"description\":\"\",\"publisher\":{\"@id\":\"https:\\\/\\\/villarthv.com\\\/#organization\"},\"potentialAction\":[{\"@type\":\"SearchAction\",\"target\":{\"@type\":\"EntryPoint\",\"urlTemplate\":\"https:\\\/\\\/villarthv.com\\\/?s={search_term_string}\"},\"query-input\":{\"@type\":\"PropertyValueSpecification\",\"valueRequired\":true,\"valueName\":\"search_term_string\"}}],\"inLanguage\":\"eu\"},{\"@type\":\"Organization\",\"@id\":\"https:\\\/\\\/villarthv.com\\\/#organization\",\"name\":\"Transportes Hijos de Francisco Villar Macias S.L\",\"url\":\"https:\\\/\\\/villarthv.com\\\/\",\"logo\":{\"@type\":\"ImageObject\",\"inLanguage\":\"eu\",\"@id\":\"https:\\\/\\\/villarthv.com\\\/#\\\/schema\\\/logo\\\/image\\\/\",\"url\":\"https:\\\/\\\/villarthv.com\\\/wp-content\\\/uploads\\\/2024\\\/02\\\/cropped-Hnos_Mesa-de-trabajo-1.png\",\"contentUrl\":\"https:\\\/\\\/villarthv.com\\\/wp-content\\\/uploads\\\/2024\\\/02\\\/cropped-Hnos_Mesa-de-trabajo-1.png\",\"width\":1987,\"height\":516,\"caption\":\"Transportes Hijos de Francisco Villar Macias S.L\"},\"image\":{\"@id\":\"https:\\\/\\\/villarthv.com\\\/#\\\/schema\\\/logo\\\/image\\\/\"}}]}<\/script>\n<!-- \/ Yoast SEO plugin. -->","yoast_head_json":{"title":"Servicios - Transportes Hijos de Francisco Villar Macias S.L","robots":{"index":"index","follow":"follow","max-snippet":"max-snippet:-1","max-image-preview":"max-image-preview:large","max-video-preview":"max-video-preview:-1"},"canonical":"https:\/\/villarthv.com\/eus\/servicios\/","og_locale":"en_US","og_type":"article","og_title":"Servicios - Transportes Hijos de Francisco Villar Macias S.L","og_description":"Servicios Transporte Nacional Contamos con una amplia trayectoria en el transporte de mercanc\u00edas por toda Espa\u00f1a, siempre tratando cada env\u00edo con el m\u00e1ximo cuidado y profesionalidad. Ofrecemos a nuestros clientes la posibilidad de almacenar todo tipo de mercanc\u00edas en nuestros dos pabellones en Bizkaia, garantizando su seguridad y conservaci\u00f3n. Gracias a nuestra extensa flota de [&hellip;]","og_url":"https:\/\/villarthv.com\/eus\/servicios\/","og_site_name":"Transportes Hijos de Francisco Villar Macias S.L","article_modified_time":"2024-03-01T08:17:52+00:00","twitter_card":"summary_large_image","twitter_misc":{"Est. reading time":"1 minutua"},"schema":{"@context":"https:\/\/schema.org","@graph":[{"@type":"WebPage","@id":"https:\/\/villarthv.com\/servicios\/","url":"https:\/\/villarthv.com\/servicios\/","name":"Servicios - Transportes Hijos de Francisco Villar Macias S.L","isPartOf":{"@id":"https:\/\/villarthv.com\/#website"},"datePublished":"2024-02-26T16:56:24+00:00","dateModified":"2024-03-01T08:17:52+00:00","breadcrumb":{"@id":"https:\/\/villarthv.com\/servicios\/#breadcrumb"},"inLanguage":"eu","potentialAction":[{"@type":"ReadAction","target":["https:\/\/villarthv.com\/servicios\/"]}]},{"@type":"BreadcrumbList","@id":"https:\/\/villarthv.com\/servicios\/#breadcrumb","itemListElement":[{"@type":"ListItem","position":1,"name":"Portada","item":"https:\/\/villarthv.com\/"},{"@type":"ListItem","position":2,"name":"Servicios"}]},{"@type":"WebSite","@id":"https:\/\/villarthv.com\/#website","url":"https:\/\/villarthv.com\/","name":"Transportes Hijos de Francisco Villar Macias S.L","description":"","publisher":{"@id":"https:\/\/villarthv.com\/#organization"},"potentialAction":[{"@type":"SearchAction","target":{"@type":"EntryPoint","urlTemplate":"https:\/\/villarthv.com\/?s={search_term_string}"},"query-input":{"@type":"PropertyValueSpecification","valueRequired":true,"valueName":"search_term_string"}}],"inLanguage":"eu"},{"@type":"Organization","@id":"https:\/\/villarthv.com\/#organization","name":"Transportes Hijos de Francisco Villar Macias S.L","url":"https:\/\/villarthv.com\/","logo":{"@type":"ImageObject","inLanguage":"eu","@id":"https:\/\/villarthv.com\/#\/schema\/logo\/image\/","url":"https:\/\/villarthv.com\/wp-content\/uploads\/2024\/02\/cropped-Hnos_Mesa-de-trabajo-1.png","contentUrl":"https:\/\/villarthv.com\/wp-content\/uploads\/2024\/02\/cropped-Hnos_Mesa-de-trabajo-1.png","width":1987,"height":516,"caption":"Transportes Hijos de Francisco Villar Macias S.L"},"image":{"@id":"https:\/\/villarthv.com\/#\/schema\/logo\/image\/"}}]}},"_links":{"self":[{"href":"https:\/\/villarthv.com\/eus\/wp-json\/wp\/v2\/pages\/12","targetHints":{"allow":["GET"]}}],"collection":[{"href":"https:\/\/villarthv.com\/eus\/wp-json\/wp\/v2\/pages"}],"about":[{"href":"https:\/\/villarthv.com\/eus\/wp-json\/wp\/v2\/types\/page"}],"author":[{"embeddable":true,"href":"https:\/\/villarthv.com\/eus\/wp-json\/wp\/v2\/users\/1"}],"replies":[{"embeddable":true,"href":"https:\/\/villarthv.com\/eus\/wp-json\/wp\/v2\/comments?post=12"}],"version-history":[{"count":17,"href":"https:\/\/villarthv.com\/eus\/wp-json\/wp\/v2\/pages\/12\/revisions"}],"predecessor-version":[{"id":241,"href":"https:\/\/villarthv.com\/eus\/wp-json\/wp\/v2\/pages\/12\/revisions\/241"}],"wp:attachment":[{"href":"https:\/\/villarthv.com\/eus\/wp-json\/wp\/v2\/media?parent=12"}],"curies":[{"name":"wp","href":"https:\/\/api.w.org\/{rel}","templated":true}]}}